{"id":33,"date":"2024-02-06T11:40:56","date_gmt":"2024-02-06T09:40:56","guid":{"rendered":"https:\/\/takeaway.iss.fi\/ultimes\/tuote\/rahan-lataus\/"},"modified":"2025-11-26T02:32:09","modified_gmt":"2025-11-26T00:32:09","slug":"rahan-lataus","status":"publish","type":"product","link":"https:\/\/takeaway.iss.fi\/ultimes\/tuote\/rahan-lataus\/","title":{"rendered":"Rahan lataus"},"content":{"rendered":"<p>Lataa rahaa maksukortiksi rekister\u00f6idylle kulkutunnisteelle tai asiakaskortille. Rahan lataaminen vaatii kulkutunnisteen numeron ja pin koodin. Varmista kulkutunnisteesi tai asiakaskorttisi numero ravintolan kassahenkil\u00f6lt\u00e4. Pin koodi m\u00e4\u00e4ritell\u00e4\u00e4n ravintolan kassalla. Lis\u00e4tietoa ravintolan tai palvelutiimin henkil\u00f6kunnalta<\/p>\n","protected":false},"excerpt":{"rendered":"<p>Lataa rahaa maksukortiksi rekister\u00f6idylle kulkutunnisteelle tai asiakaskortille. Rahan lataaminen vaatii kulkutunnisteen numeron ja pin koodin. Varmista kulkutunnisteesi tai asiakaskorttisi numero ravintolan kassahenkil\u00f6lt\u00e4. Pin koodi m\u00e4\u00e4ritell\u00e4\u00e4n ravintolan kassalla. Lis\u00e4tietoa ravintolan tai palvelutiimin henkil\u00f6kunnalta<\/p>\n","protected":false},"featured_media":30,"template":"","meta":[],"product_brand":[],"product_cat":[35],"product_tag":[],"class_list":{"0":"post-33","1":"product","2":"type-product","3":"status-publish","4":"has-post-thumbnail","6":"product_cat-ravintola-food-garden-the-front","8":"first","9":"instock","10":"taxable","11":"shipping-taxable","12":"purchasable","13":"product-type-variable"},"_links":{"self":[{"href":"https:\/\/takeaway.iss.fi\/ultimes\/wp-json\/wp\/v2\/product\/33","targetHints":{"allow":["GET"]}}],"collection":[{"href":"https:\/\/takeaway.iss.fi\/ultimes\/wp-json\/wp\/v2\/product"}],"about":[{"href":"https:\/\/takeaway.iss.fi\/ultimes\/wp-json\/wp\/v2\/types\/product"}],"wp:featuredmedia":[{"embeddable":true,"href":"https:\/\/takeaway.iss.fi\/ultimes\/wp-json\/wp\/v2\/media\/30"}],"wp:attachment":[{"href":"https:\/\/takeaway.iss.fi\/ultimes\/wp-json\/wp\/v2\/media?parent=33"}],"wp:term":[{"taxonomy":"product_brand","embeddable":true,"href":"https:\/\/takeaway.iss.fi\/ultimes\/wp-json\/wp\/v2\/product_brand?post=33"},{"taxonomy":"product_cat","embeddable":true,"href":"https:\/\/takeaway.iss.fi\/ultimes\/wp-json\/wp\/v2\/product_cat?post=33"},{"taxonomy":"product_tag","embeddable":true,"href":"https:\/\/takeaway.iss.fi\/ultimes\/wp-json\/wp\/v2\/product_tag?post=33"}],"curies":[{"name":"wp","href":"https:\/\/api.w.org\/{rel}","templated":true}]}}