{"id":489,"date":"2024-11-06T08:12:43","date_gmt":"2024-11-06T06:12:43","guid":{"rendered":"https:\/\/takeaway.iss.fi\/stromberg\/tuote\/paivan-lounas\/"},"modified":"2026-01-01T02:38:25","modified_gmt":"2026-01-01T00:38:25","slug":"paivan-lounas","status":"publish","type":"product","link":"https:\/\/takeaway.iss.fi\/stromberg\/tuote\/paivan-lounas\/","title":{"rendered":"P\u00e4iv\u00e4n lounas"},"content":{"rendered":"<p>Annokseen sis\u00e4ltyy lounasruoka, lis\u00e4kesalaatti, leip\u00e4 ja levite.\u00a0<\/p>\n<p>\u00a0<\/p>\n<p>Valitse tuotevaihtoehto kohdasta, mink\u00e4 lounaan haluat itsellesi tilata. Aamu ja p\u00e4iv\u00e4vuoron annokset toimitetaan l\u00e4mpim\u00e4n\u00e4, iltavuoron annokset kylm\u00e4n\u00e4.\u00a0<\/p>\n<p>Ruokavaihtoahedot l\u00f6ytyv\u00e4t\u00a0<a href=\"https:\/\/ravintolapalvelut.iss.fi\/ravintola-stromberg\">t\u00e4st\u00e4 linkist\u00e4<\/a><\/p>\n<p>\u00a0<\/p>\n<p>Valitse toimitus valikosta sopiva toimituspiste. Annos toimitetaan arkisin kello 11.00- 11.30 v\u00e4lill\u00e4.\u00a0<\/p>\n","protected":false},"excerpt":{"rendered":"<p>Annokseen sis\u00e4ltyy lounasruoka, lis\u00e4kesalaatti, leip\u00e4 ja levite.\u00a0 \u00a0 Valitse tuotevaihtoehto kohdasta, mink\u00e4 lounaan haluat itsellesi tilata. Aamu ja p\u00e4iv\u00e4vuoron annokset toimitetaan l\u00e4mpim\u00e4n\u00e4, iltavuoron annokset kylm\u00e4n\u00e4.\u00a0 Ruokavaihtoahedot l\u00f6ytyv\u00e4t\u00a0t\u00e4st\u00e4 linkist\u00e4 \u00a0 Valitse toimitus valikosta sopiva toimituspiste. Annos toimitetaan arkisin kello 11.00- 11.30 v\u00e4lill\u00e4.\u00a0<\/p>\n","protected":false},"featured_media":420,"template":"","meta":[],"product_brand":[],"product_cat":[36],"product_tag":[],"class_list":{"0":"post-489","1":"product","2":"type-product","3":"status-publish","4":"has-post-thumbnail","6":"product_cat-hitachi-lounaat","8":"first","9":"instock","10":"taxable","11":"shipping-taxable","12":"purchasable","13":"product-type-variable"},"_links":{"self":[{"href":"https:\/\/takeaway.iss.fi\/stromberg\/wp-json\/wp\/v2\/product\/489","targetHints":{"allow":["GET"]}}],"collection":[{"href":"https:\/\/takeaway.iss.fi\/stromberg\/wp-json\/wp\/v2\/product"}],"about":[{"href":"https:\/\/takeaway.iss.fi\/stromberg\/wp-json\/wp\/v2\/types\/product"}],"wp:featuredmedia":[{"embeddable":true,"href":"https:\/\/takeaway.iss.fi\/stromberg\/wp-json\/wp\/v2\/media\/420"}],"wp:attachment":[{"href":"https:\/\/takeaway.iss.fi\/stromberg\/wp-json\/wp\/v2\/media?parent=489"}],"wp:term":[{"taxonomy":"product_brand","embeddable":true,"href":"https:\/\/takeaway.iss.fi\/stromberg\/wp-json\/wp\/v2\/product_brand?post=489"},{"taxonomy":"product_cat","embeddable":true,"href":"https:\/\/takeaway.iss.fi\/stromberg\/wp-json\/wp\/v2\/product_cat?post=489"},{"taxonomy":"product_tag","embeddable":true,"href":"https:\/\/takeaway.iss.fi\/stromberg\/wp-json\/wp\/v2\/product_tag?post=489"}],"curies":[{"name":"wp","href":"https:\/\/api.w.org\/{rel}","templated":true}]}}