{"id":30,"date":"2023-09-01T09:50:11","date_gmt":"2023-09-01T06:50:11","guid":{"rendered":"https:\/\/takeaway.iss.fi\/stromberg\/tuote\/soul-food\/"},"modified":"2026-01-01T02:38:56","modified_gmt":"2026-01-01T00:38:56","slug":"soul-food","status":"publish","type":"product","link":"https:\/\/takeaway.iss.fi\/stromberg\/tuote\/soul-food\/","title":{"rendered":"Soul food"},"content":{"rendered":"<p>Annokseen sis\u00e4ltyy lounasruoka, lis\u00e4kesalaatti, leip\u00e4 ja levite.\u00a0<\/p>\n<p>P\u00e4iv\u00e4n ruokalista\u00a0<a href=\"https:\/\/ravintolapalvelut.iss.fi\/ravintola-stromberg\">t\u00e4st\u00e4 linkist\u00e4<\/a><\/p>\n<p>Valitse\u00a0osastotieto valikosta osasto, johon kuulut<\/p>\n<p>Valitse nouto\/toimitus valikosta sinulle sopiva toimituspiste ja toimitusaika<\/p>\n<p>\u00a0<\/p>\n<p>\u00a0<\/p>\n<p>\u00a0<\/p>\n<p>\u00a0<\/p>\n","protected":false},"excerpt":{"rendered":"<p>Annokseen sis\u00e4ltyy lounasruoka, lis\u00e4kesalaatti, leip\u00e4 ja levite.\u00a0 P\u00e4iv\u00e4n ruokalista\u00a0t\u00e4st\u00e4 linkist\u00e4 Valitse\u00a0osastotieto valikosta osasto, johon kuulut Valitse nouto\/toimitus valikosta sinulle sopiva toimituspiste ja toimitusaika \u00a0 \u00a0 \u00a0 \u00a0<\/p>\n","protected":false},"featured_media":435,"template":"","meta":[],"product_brand":[],"product_cat":[],"product_tag":[],"class_list":{"0":"post-30","1":"product","2":"type-product","3":"status-publish","4":"has-post-thumbnail","7":"first","8":"instock","9":"taxable","10":"shipping-taxable","11":"purchasable","12":"product-type-variable"},"_links":{"self":[{"href":"https:\/\/takeaway.iss.fi\/stromberg\/wp-json\/wp\/v2\/product\/30","targetHints":{"allow":["GET"]}}],"collection":[{"href":"https:\/\/takeaway.iss.fi\/stromberg\/wp-json\/wp\/v2\/product"}],"about":[{"href":"https:\/\/takeaway.iss.fi\/stromberg\/wp-json\/wp\/v2\/types\/product"}],"wp:featuredmedia":[{"embeddable":true,"href":"https:\/\/takeaway.iss.fi\/stromberg\/wp-json\/wp\/v2\/media\/435"}],"wp:attachment":[{"href":"https:\/\/takeaway.iss.fi\/stromberg\/wp-json\/wp\/v2\/media?parent=30"}],"wp:term":[{"taxonomy":"product_brand","embeddable":true,"href":"https:\/\/takeaway.iss.fi\/stromberg\/wp-json\/wp\/v2\/product_brand?post=30"},{"taxonomy":"product_cat","embeddable":true,"href":"https:\/\/takeaway.iss.fi\/stromberg\/wp-json\/wp\/v2\/product_cat?post=30"},{"taxonomy":"product_tag","embeddable":true,"href":"https:\/\/takeaway.iss.fi\/stromberg\/wp-json\/wp\/v2\/product_tag?post=30"}],"curies":[{"name":"wp","href":"https:\/\/api.w.org\/{rel}","templated":true}]}}