{"id":251,"date":"2023-04-24T11:06:16","date_gmt":"2023-04-24T08:06:16","guid":{"rendered":"https:\/\/takeaway.iss.fi\/ravintolatehdas\/tuote\/valipala-evaspussi-3\/"},"modified":"2026-01-01T02:41:56","modified_gmt":"2026-01-01T00:41:56","slug":"valipala-evaspussi-3","status":"publish","type":"product","link":"https:\/\/takeaway.iss.fi\/ravintolatehdas\/tuote\/valipala-evaspussi-3\/?lang=sv","title":{"rendered":"V\u00e4lipala\/ev\u00e4spussi"},"content":{"rendered":"<p>V\u00e4lipala\/ev\u00e4spussi sis\u00e4lt\u00e4\u00e4 t\u00e4ytetyn s\u00e4mpyl\u00e4n, jogurtin ja tuoremehun.\u00a0<\/p>\n<p>Valitse alasvetovalikosta kinkku-juustos\u00e4mpyl\u00e4 tai juusto-kananmuna s\u00e4mpyl\u00e4.\u00a0<\/p>\n","protected":false},"excerpt":{"rendered":"<p>V\u00e4lipala\/ev\u00e4spussi sis\u00e4lt\u00e4\u00e4 t\u00e4ytetyn s\u00e4mpyl\u00e4n, jogurtin ja tuoremehun.\u00a0 Valitse alasvetovalikosta kinkku-juustos\u00e4mpyl\u00e4 tai juusto-kananmuna s\u00e4mpyl\u00e4.\u00a0<\/p>\n","protected":false},"featured_media":613,"template":"","meta":[],"product_brand":[],"product_cat":[36],"product_tag":[],"class_list":{"0":"post-251","1":"product","2":"type-product","3":"status-publish","4":"has-post-thumbnail","6":"product_cat-valipalatuotteet-0","8":"first","9":"instock","10":"taxable","11":"shipping-taxable","12":"purchasable","13":"product-type-variable"},"_links":{"self":[{"href":"https:\/\/takeaway.iss.fi\/ravintolatehdas\/wp-json\/wp\/v2\/product\/251","targetHints":{"allow":["GET"]}}],"collection":[{"href":"https:\/\/takeaway.iss.fi\/ravintolatehdas\/wp-json\/wp\/v2\/product"}],"about":[{"href":"https:\/\/takeaway.iss.fi\/ravintolatehdas\/wp-json\/wp\/v2\/types\/product"}],"wp:featuredmedia":[{"embeddable":true,"href":"https:\/\/takeaway.iss.fi\/ravintolatehdas\/wp-json\/wp\/v2\/media\/613"}],"wp:attachment":[{"href":"https:\/\/takeaway.iss.fi\/ravintolatehdas\/wp-json\/wp\/v2\/media?parent=251"}],"wp:term":[{"taxonomy":"product_brand","embeddable":true,"href":"https:\/\/takeaway.iss.fi\/ravintolatehdas\/wp-json\/wp\/v2\/product_brand?post=251"},{"taxonomy":"product_cat","embeddable":true,"href":"https:\/\/takeaway.iss.fi\/ravintolatehdas\/wp-json\/wp\/v2\/product_cat?post=251"},{"taxonomy":"product_tag","embeddable":true,"href":"https:\/\/takeaway.iss.fi\/ravintolatehdas\/wp-json\/wp\/v2\/product_tag?post=251"}],"curies":[{"name":"wp","href":"https:\/\/api.w.org\/{rel}","templated":true}]}}