{"id":246,"date":"2023-04-24T11:06:14","date_gmt":"2023-04-24T08:06:14","guid":{"rendered":"https:\/\/takeaway.iss.fi\/ravintolatehdas\/tuote\/taytekakku-10-hlo-2\/"},"modified":"2026-01-01T02:41:55","modified_gmt":"2026-01-01T00:41:55","slug":"taytekakku-10-hlo","status":"publish","type":"product","link":"https:\/\/takeaway.iss.fi\/ravintolatehdas\/tuote\/taytekakku-10-hlo\/","title":{"rendered":"T\u00e4ytekakku 10 hl\u00f6"},"content":{"rendered":"<p class=\"MsoNormal\">10 Henkil\u00f6n t\u00e4ytekakku.<\/p>\n<p class=\"MsoNormal\">Valitse tuotevaihtoehdot\u00a0valikosta mieluinen vaihtoehto. Valittavana Marja-kermakakku tai Suklaakakku\/juustokakku.<\/p>\n<p>Tuote tilataan 3 ty\u00f6p\u00e4iv\u00e4\u00e4 ennen noutoa.<\/p>\n<p>Kuva on esimerkkikuva.<\/p>\n","protected":false},"excerpt":{"rendered":"<p>10 Henkil\u00f6n t\u00e4ytekakku. Valitse tuotevaihtoehdot\u00a0valikosta mieluinen vaihtoehto. Valittavana Marja-kermakakku tai Suklaakakku\/juustokakku. Tuote tilataan 3 ty\u00f6p\u00e4iv\u00e4\u00e4 ennen noutoa. Kuva on esimerkkikuva.<\/p>\n","protected":false},"featured_media":908,"template":"","meta":[],"product_brand":[],"product_cat":[37],"product_tag":[],"class_list":{"0":"post-246","1":"product","2":"type-product","3":"status-publish","4":"has-post-thumbnail","6":"product_cat-suolaiset-ja-makeat-kahvileivat","8":"first","9":"instock","10":"taxable","11":"shipping-taxable","12":"purchasable","13":"product-type-variable"},"_links":{"self":[{"href":"https:\/\/takeaway.iss.fi\/ravintolatehdas\/wp-json\/wp\/v2\/product\/246","targetHints":{"allow":["GET"]}}],"collection":[{"href":"https:\/\/takeaway.iss.fi\/ravintolatehdas\/wp-json\/wp\/v2\/product"}],"about":[{"href":"https:\/\/takeaway.iss.fi\/ravintolatehdas\/wp-json\/wp\/v2\/types\/product"}],"wp:featuredmedia":[{"embeddable":true,"href":"https:\/\/takeaway.iss.fi\/ravintolatehdas\/wp-json\/wp\/v2\/media\/908"}],"wp:attachment":[{"href":"https:\/\/takeaway.iss.fi\/ravintolatehdas\/wp-json\/wp\/v2\/media?parent=246"}],"wp:term":[{"taxonomy":"product_brand","embeddable":true,"href":"https:\/\/takeaway.iss.fi\/ravintolatehdas\/wp-json\/wp\/v2\/product_brand?post=246"},{"taxonomy":"product_cat","embeddable":true,"href":"https:\/\/takeaway.iss.fi\/ravintolatehdas\/wp-json\/wp\/v2\/product_cat?post=246"},{"taxonomy":"product_tag","embeddable":true,"href":"https:\/\/takeaway.iss.fi\/ravintolatehdas\/wp-json\/wp\/v2\/product_tag?post=246"}],"curies":[{"name":"wp","href":"https:\/\/api.w.org\/{rel}","templated":true}]}}