{"id":243,"date":"2023-04-24T11:06:12","date_gmt":"2023-04-24T08:06:12","guid":{"rendered":"https:\/\/takeaway.iss.fi\/ravintolatehdas\/tuote\/voileipakakku-2\/"},"modified":"2026-01-01T02:41:53","modified_gmt":"2026-01-01T00:41:53","slug":"voileipakakku","status":"publish","type":"product","link":"https:\/\/takeaway.iss.fi\/ravintolatehdas\/tuote\/voileipakakku\/","title":{"rendered":"Voileip\u00e4kakku"},"content":{"rendered":"<p class=\"MsoNormal\">Tuote tulee tilata 3 ty\u00f6p\u00e4iv\u00e4\u00e4 ennen noutoa.\u00a0<\/p>\n<p class=\"MsoNormal\">Kuva on esimerkkikuva.<\/p>\n","protected":false},"excerpt":{"rendered":"<p>Tuote tulee tilata 3 ty\u00f6p\u00e4iv\u00e4\u00e4 ennen noutoa.\u00a0 Kuva on esimerkkikuva.<\/p>\n","protected":false},"featured_media":113,"template":"","meta":[],"product_brand":[],"product_cat":[37],"product_tag":[],"class_list":{"0":"post-243","1":"product","2":"type-product","3":"status-publish","4":"has-post-thumbnail","6":"product_cat-suolaiset-ja-makeat-kahvileivat","8":"first","9":"instock","10":"taxable","11":"shipping-taxable","12":"purchasable","13":"product-type-variable"},"_links":{"self":[{"href":"https:\/\/takeaway.iss.fi\/ravintolatehdas\/wp-json\/wp\/v2\/product\/243","targetHints":{"allow":["GET"]}}],"collection":[{"href":"https:\/\/takeaway.iss.fi\/ravintolatehdas\/wp-json\/wp\/v2\/product"}],"about":[{"href":"https:\/\/takeaway.iss.fi\/ravintolatehdas\/wp-json\/wp\/v2\/types\/product"}],"wp:featuredmedia":[{"embeddable":true,"href":"https:\/\/takeaway.iss.fi\/ravintolatehdas\/wp-json\/wp\/v2\/media\/113"}],"wp:attachment":[{"href":"https:\/\/takeaway.iss.fi\/ravintolatehdas\/wp-json\/wp\/v2\/media?parent=243"}],"wp:term":[{"taxonomy":"product_brand","embeddable":true,"href":"https:\/\/takeaway.iss.fi\/ravintolatehdas\/wp-json\/wp\/v2\/product_brand?post=243"},{"taxonomy":"product_cat","embeddable":true,"href":"https:\/\/takeaway.iss.fi\/ravintolatehdas\/wp-json\/wp\/v2\/product_cat?post=243"},{"taxonomy":"product_tag","embeddable":true,"href":"https:\/\/takeaway.iss.fi\/ravintolatehdas\/wp-json\/wp\/v2\/product_tag?post=243"}],"curies":[{"name":"wp","href":"https:\/\/api.w.org\/{rel}","templated":true}]}}