{"id":242,"date":"2023-04-24T11:06:09","date_gmt":"2023-04-24T08:06:09","guid":{"rendered":"https:\/\/takeaway.iss.fi\/ravintolatehdas\/tuote\/lounaslippu-2\/"},"modified":"2026-01-01T02:41:52","modified_gmt":"2026-01-01T00:41:52","slug":"lounaslippu-2","status":"publish","type":"product","link":"https:\/\/takeaway.iss.fi\/ravintolatehdas\/tuote\/lounaslippu-2\/?lang=sv","title":{"rendered":"Lounaslippu"},"content":{"rendered":"<p class=\"MsoNormal\">Lounaslippu henkil\u00f6kunnan tai vieraan aterian maksamiseen.<\/p>\n<p class=\"MsoNormal\">Nouda lipukkeet ravintolasta sen aukioloaikoina. Esit\u00e4 kuitti maksusta noutaessasi lipukkeita.\u00a0 Lipukkeet on tilattava 3 arkip\u00e4iv\u00e4\u00e4 aikaisemmin.<\/p>\n<p class=\"MsoNormal\">Valitse paikan p\u00e4\u00e4ll\u00e4 haluamasi lounasvaihtoehto ja luovuta lipuke ruokapalvelun henkil\u00f6kunnalle.<\/p>\n","protected":false},"excerpt":{"rendered":"<p>Lounaslippu henkil\u00f6kunnan tai vieraan aterian maksamiseen. Nouda lipukkeet ravintolasta sen aukioloaikoina. Esit\u00e4 kuitti maksusta noutaessasi lipukkeita.\u00a0 Lipukkeet on tilattava 3 arkip\u00e4iv\u00e4\u00e4 aikaisemmin. Valitse paikan p\u00e4\u00e4ll\u00e4 haluamasi lounasvaihtoehto ja luovuta lipuke ruokapalvelun henkil\u00f6kunnalle.<\/p>\n","protected":false},"featured_media":607,"template":"","meta":[],"product_brand":[],"product_cat":[42],"product_tag":[],"class_list":{"0":"post-242","1":"product","2":"type-product","3":"status-publish","4":"has-post-thumbnail","6":"product_cat-lounasliput-0-0","8":"first","9":"instock","10":"taxable","11":"shipping-taxable","12":"purchasable","13":"product-type-variable"},"_links":{"self":[{"href":"https:\/\/takeaway.iss.fi\/ravintolatehdas\/wp-json\/wp\/v2\/product\/242","targetHints":{"allow":["GET"]}}],"collection":[{"href":"https:\/\/takeaway.iss.fi\/ravintolatehdas\/wp-json\/wp\/v2\/product"}],"about":[{"href":"https:\/\/takeaway.iss.fi\/ravintolatehdas\/wp-json\/wp\/v2\/types\/product"}],"wp:featuredmedia":[{"embeddable":true,"href":"https:\/\/takeaway.iss.fi\/ravintolatehdas\/wp-json\/wp\/v2\/media\/607"}],"wp:attachment":[{"href":"https:\/\/takeaway.iss.fi\/ravintolatehdas\/wp-json\/wp\/v2\/media?parent=242"}],"wp:term":[{"taxonomy":"product_brand","embeddable":true,"href":"https:\/\/takeaway.iss.fi\/ravintolatehdas\/wp-json\/wp\/v2\/product_brand?post=242"},{"taxonomy":"product_cat","embeddable":true,"href":"https:\/\/takeaway.iss.fi\/ravintolatehdas\/wp-json\/wp\/v2\/product_cat?post=242"},{"taxonomy":"product_tag","embeddable":true,"href":"https:\/\/takeaway.iss.fi\/ravintolatehdas\/wp-json\/wp\/v2\/product_tag?post=242"}],"curies":[{"name":"wp","href":"https:\/\/api.w.org\/{rel}","templated":true}]}}