{"id":239,"date":"2023-04-24T11:06:07","date_gmt":"2023-04-24T08:06:07","guid":{"rendered":"https:\/\/takeaway.iss.fi\/ravintolatehdas\/tuote\/viikonloppulounas-3\/"},"modified":"2026-01-01T02:41:51","modified_gmt":"2026-01-01T00:41:51","slug":"viikonloppulounas-3","status":"publish","type":"product","link":"https:\/\/takeaway.iss.fi\/ravintolatehdas\/tuote\/viikonloppulounas-3\/?lang=sv","title":{"rendered":"Viikonloppulounas"},"content":{"rendered":"<p>Valitse tuotevaihtoehdot\u00a0valikosta liha, kala tai kasvis vaihtoehto.\u00a0<\/p>\n<p>Sis\u00e4lt\u00e4\u00e4 valitsemasi p\u00e4\u00e4ruoan, lis\u00e4kesalaatin, leiv\u00e4n&amp;levitteen,\u00a0j\u00e4lkiruoan sek\u00e4 pienen maidon\/kivenn\u00e4isveden.\u00a0<\/p>\n<p>Viikonloppulounas toimitetaan nimell\u00e4si varustettuna valitsemaasi noutopisteeseen perjantaisin<\/p>\n","protected":false},"excerpt":{"rendered":"<p>Valitse tuotevaihtoehdot\u00a0valikosta liha, kala tai kasvis vaihtoehto.\u00a0 Sis\u00e4lt\u00e4\u00e4 valitsemasi p\u00e4\u00e4ruoan, lis\u00e4kesalaatin, leiv\u00e4n&amp;levitteen,\u00a0j\u00e4lkiruoan sek\u00e4 pienen maidon\/kivenn\u00e4isveden.\u00a0 Viikonloppulounas toimitetaan nimell\u00e4si varustettuna valitsemaasi noutopisteeseen perjantaisin<\/p>\n","protected":false},"featured_media":219,"template":"","meta":[],"product_brand":[],"product_cat":[33],"product_tag":[],"class_list":{"0":"post-239","1":"product","2":"type-product","3":"status-publish","4":"has-post-thumbnail","6":"product_cat-lounaat-0","8":"first","9":"instock","10":"taxable","11":"shipping-taxable","12":"purchasable","13":"product-type-variable"},"_links":{"self":[{"href":"https:\/\/takeaway.iss.fi\/ravintolatehdas\/wp-json\/wp\/v2\/product\/239","targetHints":{"allow":["GET"]}}],"collection":[{"href":"https:\/\/takeaway.iss.fi\/ravintolatehdas\/wp-json\/wp\/v2\/product"}],"about":[{"href":"https:\/\/takeaway.iss.fi\/ravintolatehdas\/wp-json\/wp\/v2\/types\/product"}],"wp:featuredmedia":[{"embeddable":true,"href":"https:\/\/takeaway.iss.fi\/ravintolatehdas\/wp-json\/wp\/v2\/media\/219"}],"wp:attachment":[{"href":"https:\/\/takeaway.iss.fi\/ravintolatehdas\/wp-json\/wp\/v2\/media?parent=239"}],"wp:term":[{"taxonomy":"product_brand","embeddable":true,"href":"https:\/\/takeaway.iss.fi\/ravintolatehdas\/wp-json\/wp\/v2\/product_brand?post=239"},{"taxonomy":"product_cat","embeddable":true,"href":"https:\/\/takeaway.iss.fi\/ravintolatehdas\/wp-json\/wp\/v2\/product_cat?post=239"},{"taxonomy":"product_tag","embeddable":true,"href":"https:\/\/takeaway.iss.fi\/ravintolatehdas\/wp-json\/wp\/v2\/product_tag?post=239"}],"curies":[{"name":"wp","href":"https:\/\/api.w.org\/{rel}","templated":true}]}}