{"id":234,"date":"2023-04-24T11:06:05","date_gmt":"2023-04-24T08:06:05","guid":{"rendered":"https:\/\/takeaway.iss.fi\/ravintolatehdas\/tuote\/salaattilounas\/"},"modified":"2026-02-24T10:56:16","modified_gmt":"2026-02-24T08:56:16","slug":"salaattilounas","status":"publish","type":"product","link":"https:\/\/takeaway.iss.fi\/ravintolatehdas\/tuote\/salaattilounas\/","title":{"rendered":"Salaattilounas"},"content":{"rendered":"<p class=\"MsoNormal\">Annos sis\u00e4lt\u00e4\u00e4 salaatin, leiv\u00e4n &amp; levitteen, j\u00e4lkiruoan sek\u00e4 pienen maidon\/kivenn\u00e4isveden.\u00a0<\/p>\n<p>Kirjoita tilauksen lis\u00e4tietoihin (maksu vaihe) mahdolliset ruokarajoitteet.\u00a0<\/p>\n","protected":false},"excerpt":{"rendered":"<p>Annos sis\u00e4lt\u00e4\u00e4 salaatin, leiv\u00e4n &amp; levitteen, j\u00e4lkiruoan sek\u00e4 pienen maidon\/kivenn\u00e4isveden.\u00a0 Kirjoita tilauksen lis\u00e4tietoihin (maksu vaihe) mahdolliset ruokarajoitteet.\u00a0<\/p>\n","protected":false},"featured_media":231,"template":"","meta":[],"product_brand":[],"product_cat":[31],"product_tag":[],"class_list":{"0":"post-234","1":"product","2":"type-product","3":"status-publish","4":"has-post-thumbnail","6":"product_cat-lounaat","8":"first","9":"instock","10":"taxable","11":"shipping-taxable","12":"purchasable","13":"product-type-variable"},"_links":{"self":[{"href":"https:\/\/takeaway.iss.fi\/ravintolatehdas\/wp-json\/wp\/v2\/product\/234","targetHints":{"allow":["GET"]}}],"collection":[{"href":"https:\/\/takeaway.iss.fi\/ravintolatehdas\/wp-json\/wp\/v2\/product"}],"about":[{"href":"https:\/\/takeaway.iss.fi\/ravintolatehdas\/wp-json\/wp\/v2\/types\/product"}],"wp:featuredmedia":[{"embeddable":true,"href":"https:\/\/takeaway.iss.fi\/ravintolatehdas\/wp-json\/wp\/v2\/media\/231"}],"wp:attachment":[{"href":"https:\/\/takeaway.iss.fi\/ravintolatehdas\/wp-json\/wp\/v2\/media?parent=234"}],"wp:term":[{"taxonomy":"product_brand","embeddable":true,"href":"https:\/\/takeaway.iss.fi\/ravintolatehdas\/wp-json\/wp\/v2\/product_brand?post=234"},{"taxonomy":"product_cat","embeddable":true,"href":"https:\/\/takeaway.iss.fi\/ravintolatehdas\/wp-json\/wp\/v2\/product_cat?post=234"},{"taxonomy":"product_tag","embeddable":true,"href":"https:\/\/takeaway.iss.fi\/ravintolatehdas\/wp-json\/wp\/v2\/product_tag?post=234"}],"curies":[{"name":"wp","href":"https:\/\/api.w.org\/{rel}","templated":true}]}}