{"id":229,"date":"2023-04-24T11:05:50","date_gmt":"2023-04-24T08:05:50","guid":{"rendered":"https:\/\/takeaway.iss.fi\/ravintolatehdas\/tuote\/keittolounas-4\/"},"modified":"2026-01-01T02:41:42","modified_gmt":"2026-01-01T00:41:42","slug":"keittolounas-4","status":"publish","type":"product","link":"https:\/\/takeaway.iss.fi\/ravintolatehdas\/tuote\/keittolounas-4\/?lang=en","title":{"rendered":"Keittolounas"},"content":{"rendered":"<p>Annos sis\u00e4lt\u00e4\u00e4 keiton, pienen lis\u00e4kesalaatin, leiv\u00e4n &amp; levitteen, j\u00e4lkiruoan sek\u00e4 pienen maidon\/kivenn\u00e4isveden.\u00a0<\/p>\n<p>Kirjoita tilauksen lis\u00e4tietoihin (maksu vaihe) mahdolliset ruokarajoitteet<\/p>\n","protected":false},"excerpt":{"rendered":"<p>Annos sis\u00e4lt\u00e4\u00e4 keiton, pienen lis\u00e4kesalaatin, leiv\u00e4n &amp; levitteen, j\u00e4lkiruoan sek\u00e4 pienen maidon\/kivenn\u00e4isveden.\u00a0 Kirjoita tilauksen lis\u00e4tietoihin (maksu vaihe) mahdolliset ruokarajoitteet<\/p>\n","protected":false},"featured_media":226,"template":"","meta":[],"product_brand":[],"product_cat":[32],"product_tag":[],"class_list":{"0":"post-229","1":"product","2":"type-product","3":"status-publish","4":"has-post-thumbnail","6":"product_cat-lounaat-0","8":"first","9":"instock","10":"virtual","11":"taxable","12":"purchasable","13":"product-type-simple"},"_links":{"self":[{"href":"https:\/\/takeaway.iss.fi\/ravintolatehdas\/wp-json\/wp\/v2\/product\/229","targetHints":{"allow":["GET"]}}],"collection":[{"href":"https:\/\/takeaway.iss.fi\/ravintolatehdas\/wp-json\/wp\/v2\/product"}],"about":[{"href":"https:\/\/takeaway.iss.fi\/ravintolatehdas\/wp-json\/wp\/v2\/types\/product"}],"wp:featuredmedia":[{"embeddable":true,"href":"https:\/\/takeaway.iss.fi\/ravintolatehdas\/wp-json\/wp\/v2\/media\/226"}],"wp:attachment":[{"href":"https:\/\/takeaway.iss.fi\/ravintolatehdas\/wp-json\/wp\/v2\/media?parent=229"}],"wp:term":[{"taxonomy":"product_brand","embeddable":true,"href":"https:\/\/takeaway.iss.fi\/ravintolatehdas\/wp-json\/wp\/v2\/product_brand?post=229"},{"taxonomy":"product_cat","embeddable":true,"href":"https:\/\/takeaway.iss.fi\/ravintolatehdas\/wp-json\/wp\/v2\/product_cat?post=229"},{"taxonomy":"product_tag","embeddable":true,"href":"https:\/\/takeaway.iss.fi\/ravintolatehdas\/wp-json\/wp\/v2\/product_tag?post=229"}],"curies":[{"name":"wp","href":"https:\/\/api.w.org\/{rel}","templated":true}]}}