{"id":222,"date":"2023-04-24T11:05:23","date_gmt":"2023-04-24T08:05:23","guid":{"rendered":"https:\/\/takeaway.iss.fi\/ravintolatehdas\/tuote\/lounas-3\/"},"modified":"2026-01-01T02:41:41","modified_gmt":"2026-01-01T00:41:41","slug":"lounas","status":"publish","type":"product","link":"https:\/\/takeaway.iss.fi\/ravintolatehdas\/tuote\/lounas\/","title":{"rendered":"Lounas"},"content":{"rendered":"<p class=\"MsoNormal\">Lounas on aina lounaslistan vaihtoehto<\/p>\n<p>Annos sis\u00e4lt\u00e4\u00e4 lounasvaihtoehdon lisukkeineen, pienen lis\u00e4kesalaatin, leiv\u00e4n &amp; levitteen, j\u00e4lkiruoan sek\u00e4 pienen maidon\/kivenn\u00e4isveden.\u00a0<\/p>\n<p>Kirjoita tilauksen lis\u00e4tietoihin (maksu vaihe) mahdolliset ruokarajoitteet.\u00a0\u00a0<\/p>\n","protected":false},"excerpt":{"rendered":"<p>Lounas on aina lounaslistan vaihtoehto Annos sis\u00e4lt\u00e4\u00e4 lounasvaihtoehdon lisukkeineen, pienen lis\u00e4kesalaatin, leiv\u00e4n &amp; levitteen, j\u00e4lkiruoan sek\u00e4 pienen maidon\/kivenn\u00e4isveden.\u00a0 Kirjoita tilauksen lis\u00e4tietoihin (maksu vaihe) mahdolliset ruokarajoitteet.\u00a0\u00a0<\/p>\n","protected":false},"featured_media":219,"template":"","meta":[],"product_brand":[],"product_cat":[31],"product_tag":[],"class_list":{"0":"post-222","1":"product","2":"type-product","3":"status-publish","4":"has-post-thumbnail","6":"product_cat-lounaat","8":"first","9":"instock","10":"virtual","11":"taxable","12":"purchasable","13":"product-type-simple"},"_links":{"self":[{"href":"https:\/\/takeaway.iss.fi\/ravintolatehdas\/wp-json\/wp\/v2\/product\/222","targetHints":{"allow":["GET"]}}],"collection":[{"href":"https:\/\/takeaway.iss.fi\/ravintolatehdas\/wp-json\/wp\/v2\/product"}],"about":[{"href":"https:\/\/takeaway.iss.fi\/ravintolatehdas\/wp-json\/wp\/v2\/types\/product"}],"wp:featuredmedia":[{"embeddable":true,"href":"https:\/\/takeaway.iss.fi\/ravintolatehdas\/wp-json\/wp\/v2\/media\/219"}],"wp:attachment":[{"href":"https:\/\/takeaway.iss.fi\/ravintolatehdas\/wp-json\/wp\/v2\/media?parent=222"}],"wp:term":[{"taxonomy":"product_brand","embeddable":true,"href":"https:\/\/takeaway.iss.fi\/ravintolatehdas\/wp-json\/wp\/v2\/product_brand?post=222"},{"taxonomy":"product_cat","embeddable":true,"href":"https:\/\/takeaway.iss.fi\/ravintolatehdas\/wp-json\/wp\/v2\/product_cat?post=222"},{"taxonomy":"product_tag","embeddable":true,"href":"https:\/\/takeaway.iss.fi\/ravintolatehdas\/wp-json\/wp\/v2\/product_tag?post=222"}],"curies":[{"name":"wp","href":"https:\/\/api.w.org\/{rel}","templated":true}]}}