{"id":34,"date":"2023-09-08T11:31:31","date_gmt":"2023-09-08T08:31:31","guid":{"rendered":"https:\/\/takeaway.iss.fi\/paimioverkkokauppa\/tuote\/valipalalippu-10-kpl\/"},"modified":"2026-01-01T02:41:18","modified_gmt":"2026-01-01T00:41:18","slug":"valipalalippu-10-kpl","status":"publish","type":"product","link":"https:\/\/takeaway.iss.fi\/paimioverkkokauppa\/tuote\/valipalalippu-10-kpl\/","title":{"rendered":"V\u00e4lipalalippu 10 kpl"},"content":{"rendered":"<p>V\u00e4lipalalippu lapsen v\u00e4lipalan\u00a0maksamiseen Paimion kaupungin kouluissa. Tarjolla oleva v\u00e4lipala vaihtelee p\u00e4ivitt\u00e4in ja kohteittain.\u00a0K\u00e4ytett\u00e4ess\u00e4 lounaslipuketta, lipuke luovutetaan ruokapalvelun henkil\u00f6kunnalle.<\/p>\n<p>M\u00e4\u00e4rit\u00e4 noutopaikka ja nouda lipukkeet noutopaikasta, nouto tulee tapahtua Ma-Pe kello 12-14 v\u00e4lill\u00e4.\u00a0Esit\u00e4 kuitti maksusta noutaessasi lipukkeita. Lipukkeet on tilattava\u00a0noutop\u00e4iv\u00e4n aamuna\u00a0kello 8:00 menness\u00e4.<\/p>\n","protected":false},"excerpt":{"rendered":"<p>V\u00e4lipalalippu lapsen v\u00e4lipalan\u00a0maksamiseen Paimion kaupungin kouluissa. Tarjolla oleva v\u00e4lipala vaihtelee p\u00e4ivitt\u00e4in ja kohteittain.\u00a0K\u00e4ytett\u00e4ess\u00e4 lounaslipuketta, lipuke luovutetaan ruokapalvelun henkil\u00f6kunnalle. M\u00e4\u00e4rit\u00e4 noutopaikka ja nouda lipukkeet noutopaikasta, nouto tulee tapahtua Ma-Pe kello 12-14 v\u00e4lill\u00e4.\u00a0Esit\u00e4 kuitti maksusta noutaessasi lipukkeita. Lipukkeet on tilattava\u00a0noutop\u00e4iv\u00e4n aamuna\u00a0kello 8:00 menness\u00e4.<\/p>\n","protected":false},"featured_media":71,"template":"","meta":[],"product_brand":[],"product_cat":[32],"product_tag":[],"class_list":{"0":"post-34","1":"product","2":"type-product","3":"status-publish","4":"has-post-thumbnail","6":"product_cat-lounas-ja-valipalaliput","8":"first","9":"instock","10":"virtual","11":"taxable","12":"purchasable","13":"product-type-simple"},"_links":{"self":[{"href":"https:\/\/takeaway.iss.fi\/paimioverkkokauppa\/wp-json\/wp\/v2\/product\/34","targetHints":{"allow":["GET"]}}],"collection":[{"href":"https:\/\/takeaway.iss.fi\/paimioverkkokauppa\/wp-json\/wp\/v2\/product"}],"about":[{"href":"https:\/\/takeaway.iss.fi\/paimioverkkokauppa\/wp-json\/wp\/v2\/types\/product"}],"wp:featuredmedia":[{"embeddable":true,"href":"https:\/\/takeaway.iss.fi\/paimioverkkokauppa\/wp-json\/wp\/v2\/media\/71"}],"wp:attachment":[{"href":"https:\/\/takeaway.iss.fi\/paimioverkkokauppa\/wp-json\/wp\/v2\/media?parent=34"}],"wp:term":[{"taxonomy":"product_brand","embeddable":true,"href":"https:\/\/takeaway.iss.fi\/paimioverkkokauppa\/wp-json\/wp\/v2\/product_brand?post=34"},{"taxonomy":"product_cat","embeddable":true,"href":"https:\/\/takeaway.iss.fi\/paimioverkkokauppa\/wp-json\/wp\/v2\/product_cat?post=34"},{"taxonomy":"product_tag","embeddable":true,"href":"https:\/\/takeaway.iss.fi\/paimioverkkokauppa\/wp-json\/wp\/v2\/product_tag?post=34"}],"curies":[{"name":"wp","href":"https:\/\/api.w.org\/{rel}","templated":true}]}}