{"id":186,"date":"2023-12-13T09:15:59","date_gmt":"2023-12-13T07:15:59","guid":{"rendered":"https:\/\/takeaway.iss.fi\/paimioverkkokauppa\/tuote\/kasvislounas\/"},"modified":"2026-02-01T02:32:34","modified_gmt":"2026-02-01T00:32:34","slug":"kasvislounas","status":"publish","type":"product","link":"https:\/\/takeaway.iss.fi\/paimioverkkokauppa\/tuote\/kasvislounas\/","title":{"rendered":"Kasvislounas"},"content":{"rendered":"<p>Lounaan viimeinen tilaushetki on ateriointip\u00e4iv\u00e4n aamu klo 8:00 menness\u00e4.\u00a0<\/p>\n<p>\u00a0<\/p>\n<p>Ateria toimitetaan l\u00e4mpim\u00e4n\u00e4, nimetyss\u00e4 l\u00e4mp\u00f6laatikossa. Sis\u00e4lt\u00f6 noudattaa olemassa olevaa ateriakokonaisuutta.\u00a0<\/p>\n<p>Lounasvalikoima noudattaa Paltanpuiston ruokalistaa ja on n\u00e4ht\u00e4viss\u00e4\u00a0<a href=\"https:\/\/paimio.ravintolapalvelut.iss.fi\/paimion-terveyskeskus-ja-hoiva\">https:\/\/paimio.ravintolapalvelut.iss.fi\/paimion-terveyskeskus-ja-hoiva<\/a><\/p>\n","protected":false},"excerpt":{"rendered":"<p>Lounaan viimeinen tilaushetki on ateriointip\u00e4iv\u00e4n aamu klo 8:00 menness\u00e4.\u00a0 \u00a0 Ateria toimitetaan l\u00e4mpim\u00e4n\u00e4, nimetyss\u00e4 l\u00e4mp\u00f6laatikossa. Sis\u00e4lt\u00f6 noudattaa olemassa olevaa ateriakokonaisuutta.\u00a0 Lounasvalikoima noudattaa Paltanpuiston ruokalistaa ja on n\u00e4ht\u00e4viss\u00e4\u00a0https:\/\/paimio.ravintolapalvelut.iss.fi\/paimion-terveyskeskus-ja-hoiva<\/p>\n","protected":false},"featured_media":183,"template":"","meta":[],"product_brand":[],"product_cat":[35],"product_tag":[],"class_list":{"0":"post-186","1":"product","2":"type-product","3":"status-publish","4":"has-post-thumbnail","6":"product_cat-lounaat","8":"first","9":"instock","10":"virtual","11":"taxable","12":"purchasable","13":"product-type-simple"},"_links":{"self":[{"href":"https:\/\/takeaway.iss.fi\/paimioverkkokauppa\/wp-json\/wp\/v2\/product\/186","targetHints":{"allow":["GET"]}}],"collection":[{"href":"https:\/\/takeaway.iss.fi\/paimioverkkokauppa\/wp-json\/wp\/v2\/product"}],"about":[{"href":"https:\/\/takeaway.iss.fi\/paimioverkkokauppa\/wp-json\/wp\/v2\/types\/product"}],"wp:featuredmedia":[{"embeddable":true,"href":"https:\/\/takeaway.iss.fi\/paimioverkkokauppa\/wp-json\/wp\/v2\/media\/183"}],"wp:attachment":[{"href":"https:\/\/takeaway.iss.fi\/paimioverkkokauppa\/wp-json\/wp\/v2\/media?parent=186"}],"wp:term":[{"taxonomy":"product_brand","embeddable":true,"href":"https:\/\/takeaway.iss.fi\/paimioverkkokauppa\/wp-json\/wp\/v2\/product_brand?post=186"},{"taxonomy":"product_cat","embeddable":true,"href":"https:\/\/takeaway.iss.fi\/paimioverkkokauppa\/wp-json\/wp\/v2\/product_cat?post=186"},{"taxonomy":"product_tag","embeddable":true,"href":"https:\/\/takeaway.iss.fi\/paimioverkkokauppa\/wp-json\/wp\/v2\/product_tag?post=186"}],"curies":[{"name":"wp","href":"https:\/\/api.w.org\/{rel}","templated":true}]}}