{"id":234,"date":"2025-11-29T16:58:41","date_gmt":"2025-11-29T14:58:41","guid":{"rendered":"https:\/\/takeaway.iss.fi\/metsaboardroihanruukki\/tuote\/lounas-2\/"},"modified":"2026-01-14T14:14:36","modified_gmt":"2026-01-14T12:14:36","slug":"lounas-2","status":"publish","type":"product","link":"https:\/\/takeaway.iss.fi\/metsaboardroihanruukki\/tuote\/lounas-2\/","title":{"rendered":"Lounas 2"},"content":{"rendered":"<p>Lounas on aina lounaslistan vaihtoehto.<\/p>\n<p>Annos sis\u00e4lt\u00e4\u00e4 lounasvaihtoehdon lisukkeineen, pienen lis\u00e4kesalaatin sek\u00e4 leiv\u00e4n &amp; levitteen. Ruokalista <a href=\"https:\/\/ravintolapalvelut.iss.fi\/roihanruukki\">t\u00e4st\u00e4<\/a> osoitteesta<\/p>\n<p>Kirjoita tilauksen lis\u00e4tietoihin (maksuvaihe) mahdolliset ruokarajoitteet.\u00a0<\/p>\n","protected":false},"excerpt":{"rendered":"<p>Lounas on aina lounaslistan vaihtoehto. Annos sis\u00e4lt\u00e4\u00e4 lounasvaihtoehdon lisukkeineen, pienen lis\u00e4kesalaatin sek\u00e4 leiv\u00e4n &amp; levitteen. Ruokalista t\u00e4st\u00e4 osoitteesta Kirjoita tilauksen lis\u00e4tietoihin (maksuvaihe) mahdolliset ruokarajoitteet.\u00a0<\/p>\n","protected":false},"featured_media":224,"comment_status":"closed","ping_status":"closed","template":"","meta":[],"product_brand":[],"product_cat":[34],"product_tag":[],"class_list":{"0":"post-234","1":"product","2":"type-product","3":"status-publish","4":"has-post-thumbnail","6":"product_cat-lounaat","8":"first","9":"instock","10":"virtual","11":"purchasable","12":"product-type-simple"},"_links":{"self":[{"href":"https:\/\/takeaway.iss.fi\/metsaboardroihanruukki\/wp-json\/wp\/v2\/product\/234","targetHints":{"allow":["GET"]}}],"collection":[{"href":"https:\/\/takeaway.iss.fi\/metsaboardroihanruukki\/wp-json\/wp\/v2\/product"}],"about":[{"href":"https:\/\/takeaway.iss.fi\/metsaboardroihanruukki\/wp-json\/wp\/v2\/types\/product"}],"replies":[{"embeddable":true,"href":"https:\/\/takeaway.iss.fi\/metsaboardroihanruukki\/wp-json\/wp\/v2\/comments?post=234"}],"wp:featuredmedia":[{"embeddable":true,"href":"https:\/\/takeaway.iss.fi\/metsaboardroihanruukki\/wp-json\/wp\/v2\/media\/224"}],"wp:attachment":[{"href":"https:\/\/takeaway.iss.fi\/metsaboardroihanruukki\/wp-json\/wp\/v2\/media?parent=234"}],"wp:term":[{"taxonomy":"product_brand","embeddable":true,"href":"https:\/\/takeaway.iss.fi\/metsaboardroihanruukki\/wp-json\/wp\/v2\/product_brand?post=234"},{"taxonomy":"product_cat","embeddable":true,"href":"https:\/\/takeaway.iss.fi\/metsaboardroihanruukki\/wp-json\/wp\/v2\/product_cat?post=234"},{"taxonomy":"product_tag","embeddable":true,"href":"https:\/\/takeaway.iss.fi\/metsaboardroihanruukki\/wp-json\/wp\/v2\/product_tag?post=234"}],"curies":[{"name":"wp","href":"https:\/\/api.w.org\/{rel}","templated":true}]}}