{"id":901,"date":"2025-03-15T02:33:28","date_gmt":"2025-03-15T00:33:28","guid":{"rendered":"https:\/\/takeaway.iss.fi\/karinkampus\/tuote\/paivan-sampyla-3\/"},"modified":"2026-01-01T02:48:52","modified_gmt":"2026-01-01T00:48:52","slug":"paivan-sampyla-3","status":"publish","type":"product","link":"https:\/\/takeaway.iss.fi\/karinkampus\/tuote\/paivan-sampyla-3\/?lang=sv","title":{"rendered":"P\u00e4iv\u00e4n s\u00e4mpyl\u00e4"},"content":{"rendered":"","protected":false},"excerpt":{"rendered":"","protected":false},"featured_media":0,"template":"","meta":[],"product_brand":[],"product_cat":[34],"product_tag":[],"class_list":{"0":"post-901","1":"product","2":"type-product","3":"status-publish","5":"product_cat-uusi-valikkokohta-0","7":"first","8":"instock","9":"virtual","10":"taxable","11":"purchasable","12":"product-type-simple"},"_links":{"self":[{"href":"https:\/\/takeaway.iss.fi\/karinkampus\/wp-json\/wp\/v2\/product\/901","targetHints":{"allow":["GET"]}}],"collection":[{"href":"https:\/\/takeaway.iss.fi\/karinkampus\/wp-json\/wp\/v2\/product"}],"about":[{"href":"https:\/\/takeaway.iss.fi\/karinkampus\/wp-json\/wp\/v2\/types\/product"}],"wp:attachment":[{"href":"https:\/\/takeaway.iss.fi\/karinkampus\/wp-json\/wp\/v2\/media?parent=901"}],"wp:term":[{"taxonomy":"product_brand","embeddable":true,"href":"https:\/\/takeaway.iss.fi\/karinkampus\/wp-json\/wp\/v2\/product_brand?post=901"},{"taxonomy":"product_cat","embeddable":true,"href":"https:\/\/takeaway.iss.fi\/karinkampus\/wp-json\/wp\/v2\/product_cat?post=901"},{"taxonomy":"product_tag","embeddable":true,"href":"https:\/\/takeaway.iss.fi\/karinkampus\/wp-json\/wp\/v2\/product_tag?post=901"}],"curies":[{"name":"wp","href":"https:\/\/api.w.org\/{rel}","templated":true}]}}