{"id":9,"date":"2024-07-02T12:50:19","date_gmt":"2024-07-02T09:50:19","guid":{"rendered":"https:\/\/takeaway.iss.fi\/karinkampus\/tietosuojaseloste\/?lang=fi"},"modified":"2024-07-05T12:19:58","modified_gmt":"2024-07-05T09:19:58","slug":"tietosuojaseloste","status":"publish","type":"page","link":"https:\/\/takeaway.iss.fi\/karinkampus\/tietosuojaseloste\/","title":{"rendered":"Tietosuojaseloste"},"content":{"rendered":"\n<p class=\"has-medium-font-size\">Ceepos-verkkokauppa \u2013tietosuojaseloste<\/p>\n\n\n\n<h2 class=\"wp-block-heading\">1. Rekisterin pit\u00e4j\u00e4<\/h2>\n\n\n\n<p>ISS palvelut Oy 0906333-1<br>PL 100<br>01055 ISS<br><a href=\"mailto:takeaway@fi.issworld.com\">takeaway@fi.issworld.com<\/a><\/p>\n\n\n\n<h2 class=\"wp-block-heading\">2. Yhteyshenkil\u00f6 rekisteri\u00e4 koskevissa asioissa<\/h2>\n\n\n\n<p>PL 100, 01055 ISS<br>tietosuoja@iss.fi<\/p>\n\n\n\n<h2 class=\"wp-block-heading\">3. Rekisterin nimi<\/h2>\n\n\n\n<p>Ceepos-verkkokaupan rekisteri<\/p>\n\n\n\n<h2 class=\"wp-block-heading\">4. Henkil\u00f6tietojen k\u00e4sittelyn tarkoitus ja peruste<\/h2>\n\n\n\n<p>Henkil\u00f6tietoja ker\u00e4t\u00e4\u00e4n&nbsp;<a href=\"mailto:takeaway@iss.fi\">takeaway@iss.fi<\/a>&nbsp;palvelun asiakkaiden ruokatilausten ja asiakaskorttisaldolatausten hallinnointiin, tilausten toimittamisen, maksujen oikean kohdistamisen, asiakkaan ja\/tai asiakkaan ilmoittaman henkil\u00f6n tunnistamisen, asiakkaan asiointihistorian ja asiointioikeuksien todentamisen sek\u00e4 raportoinnin vuoksi. Tietoja voidaan k\u00e4ytt\u00e4\u00e4 takeaway.iss.fi toiminnan kehitt\u00e4miseen ja tilastollisiin tarkoituksiin.<\/p>\n\n\n\n<p>Rekisterinpit\u00e4j\u00e4 ker\u00e4\u00e4 henkil\u00f6tietoja perustuen sen oikeutettuun etuun sek\u00e4 sopimukseen asiakkaan kanssa. Ohjelmiston k\u00e4ytt\u00e4jist\u00e4 ker\u00e4t\u00e4\u00e4n tietoja k\u00e4ytt\u00f6oikeuksien m\u00e4\u00e4rittelemiseksi sek\u00e4 k\u00e4yt\u00f6n valvomiseksi. Ohjelmisto luo henkil\u00f6tietoja sis\u00e4lt\u00e4vi\u00e4 lokitietoja ohjelmiston k\u00e4ytt\u00f6historian ja ongelmatapausten selvitystarpeita varten.<\/p>\n\n\n\n<h2 class=\"wp-block-heading\">5. Rekisterin tietosis\u00e4lt\u00f6<\/h2>\n\n\n\n<p>Mahdollisia rekisteriin tallennettavia henkil\u00f6tietoja ovat:<\/p>\n\n\n\n<p>Yleinen asiakasrekisteri: asiakasnumero, etunimi, sukunimi, l\u00e4hiosoite, postitoimipaikka, puhelinnumero, s\u00e4hk\u00f6postiosoite, asiointikieli, tilaushistoria ja k\u00e4ytt\u00e4j\u00e4tunnus.<\/p>\n\n\n\n<p>Tilausrekisteri: Yhteystiedot, tilatut tuotteet.<\/p>\n\n\n\n<p>Asiakaskortit\/-tunnisteet: korttinumero ja pin-tunnus.<\/p>\n\n\n\n<p>Henkil\u00f6tietoja s\u00e4ilytet\u00e4\u00e4n t\u00e4ss\u00e4 rekisteriss\u00e4, kunnes tili on ollut k\u00e4ytt\u00e4m\u00e4tt\u00e4 kahden vuoden ajan. S\u00e4hk\u00f6inen kuittihistoria s\u00e4ilytet\u00e4\u00e4n 6 vuotta ostotapahtumasta<\/p>\n\n\n\n<h2 class=\"wp-block-heading\">6. S\u00e4\u00e4nn\u00f6nmukaiset tietol\u00e4hteet<\/h2>\n\n\n\n<p>Maksutapahtumia liittymien kautta v\u00e4litt\u00e4v\u00e4t ulkoiset j\u00e4rjestelm\u00e4t, jotka ovat integroituneet verkkokauppaan. P\u00e4\u00e4s\u00e4\u00e4nt\u00f6isen\u00e4 tietol\u00e4hteen\u00e4 ovat verkkokaupan asiakkaat tehdess\u00e4\u00e4n tilauksia, ilmoittautumisia ja maksaessaan verkkomaksujaan<\/p>\n\n\n\n<h2 class=\"wp-block-heading\">7. Tietojen s\u00e4\u00e4nn\u00f6nmukaiset luovutukset<\/h2>\n\n\n\n<p>Henkil\u00f6tietoja voidaan luovuttaa ISS konsernin sis\u00e4ll\u00e4.<\/p>\n\n\n\n<p>Henkil\u00f6tietoja voidaan my\u00f6s siirt\u00e4\u00e4 rekisterinpit\u00e4j\u00e4n muihin j\u00e4rjestelmiin, kuten kassaj\u00e4rjestelm\u00e4, kirjanpito, laskutus, kulunvalvonta. Maksupalveluntarjoajasta riippuen tilauksen maksamisen yhteydess\u00e4 maksuj\u00e4rjestelm\u00e4\u00e4n v\u00e4litet\u00e4\u00e4n asiakkaan yhteystietoja ongelmatilanteiden ja maksujen palauttamisen helpottamiseksi.&nbsp;<\/p>\n\n\n\n<h2 class=\"wp-block-heading\">8. Tietojen siirto EU:n tai ETA:n ulkopuolelle<\/h2>\n\n\n\n<p>Henkil\u00f6tietoja ei p\u00e4\u00e4asiallisesti siirret\u00e4 EU:n tai ETA:n ulkopuolelle.<\/p>\n\n\n\n<p>Mik\u00e4li henkil\u00f6tietoja k\u00e4sitell\u00e4\u00e4n Euroopan unionin tai Euroopan talousalueen ulkopuolella, Rekisterinpit\u00e4j\u00e4 varmistaa henkil\u00f6tietojen turvallisen ja lainmukaisen k\u00e4sittelyn Euroopan Komission hyv\u00e4ksym\u00e4ll\u00e4 henkil\u00f6tietojensiirtomekanismilla.<\/p>\n\n\n\n<h2 class=\"wp-block-heading\">9. Rekisterin suojauksen periaatteet<\/h2>\n\n\n\n<p>Ohjelmiston yll\u00e4pito on suojattu k\u00e4ytt\u00e4j\u00e4tunnuksin ja salasanoin sek\u00e4 k\u00e4ytt\u00e4j\u00e4ryhm\u00e4kohtaisin k\u00e4ytt\u00f6oikeuksin. Tietokannassa olevat tiedot on suojattu k\u00e4ytt\u00e4j\u00e4tunnuksilla ja salasanoilla ja tiedon k\u00e4sittely on rajattu vain verkkokauppaj\u00e4rjestelm\u00e4n k\u00e4ytett\u00e4v\u00e4ksi. Levyille tallennetut tiedot on suojattu k\u00e4ytt\u00f6j\u00e4rjestelm\u00e4tason k\u00e4ytt\u00f6oikeuksin. Kaikki tietoliikenne j\u00e4rjestelm\u00e4ntoimittajan j\u00e4rjestelmien sek\u00e4 verkkokaupan ja maksupalveluntarjoajan v\u00e4lill\u00e4 tapahtuu SSL-suojattuna.<\/p>\n\n\n\n<p>Verkkokauppapalvelimen huoltoyhteys on sallittu vain palvelin- ja j\u00e4rjestelm\u00e4toimittajille. Ohjelmiston toimittajalla on t\u00e4ysi p\u00e4\u00e4sy kaiken ker\u00e4tyn tiedon tarkasteluun ja poistamiseen.<\/p>\n\n\n\n<p>Rekisterin sis\u00e4lt\u00e4miin tietoihin p\u00e4\u00e4sev\u00e4t ja niit\u00e4 ovat oikeutettuja k\u00e4ytt\u00e4m\u00e4\u00e4n ainoastaan sellaiset rekisterinpit\u00e4j\u00e4n ennalta m\u00e4\u00e4ritellyt ty\u00f6ntekij\u00e4t, joiden toimenkuvaan tietojen k\u00e4sitteleminen kuuluu ja jotka tarvitsevat tietoja ty\u00f6teht\u00e4viens\u00e4 hoitamiseen. N\u00e4it\u00e4 ty\u00f6ntekij\u00f6it\u00e4 sitoo salassapitovelvollisuus.<\/p>\n\n\n\n<h2 class=\"wp-block-heading\">10. Henkil\u00f6tietojen k\u00e4sittelyn peruste<\/h2>\n\n\n\n<p>Henkil\u00f6tietojen k\u00e4sittely perustuu ensisijaisesti rekister\u00f6idyn ja ISS:n v\u00e4liseen sopimukseen. ISS k\u00e4sittelee joitain henkil\u00f6tietoja perustuen oikeutettuun etuun ja lains\u00e4\u00e4d\u00e4nt\u00f6\u00f6n (esim. kirjanpitoa varten s\u00e4ilytett\u00e4v\u00e4t tiedot).<\/p>\n\n\n\n<h2 class=\"wp-block-heading\">11. Rekister\u00f6idyn oikeus vastustaa henkil\u00f6tietojen k\u00e4sittely\u00e4<\/h2>\n\n\n\n<p>Rekister\u00f6idyll\u00e4 on oikeus henkil\u00f6kohtaiseen erityiseen tilanteeseensa liittyen vastustaa itseens\u00e4 kohdistuvaa profilointia ja muita k\u00e4sittelytoimia, joita Rekisterinpit\u00e4j\u00e4 kohdistaa rekister\u00f6idyn henkil\u00f6tietoihin silt\u00e4 osin, kun tietojen k\u00e4sittelemisen perusteena on Rekisterinpit\u00e4j\u00e4n oikeutettu etu.<\/p>\n\n\n\n<p>Rekister\u00f6ity voi vastustaa tietojensa k\u00e4sittely\u00e4 my\u00f6s tilanteissa, joissa h\u00e4n pit\u00e4\u00e4 k\u00e4sittely\u00e4 lainvastaisena.<\/p>\n\n\n\n<p>Rekister\u00f6ity voi esitt\u00e4\u00e4 vastustamista koskevan vaatimuksensa t\u00e4m\u00e4n tietosuojaselosteen mukaisesti. Rekister\u00f6idyn tulee vaatimuksen yhteydess\u00e4 yksil\u00f6id\u00e4 se peruste, jonka nojalla h\u00e4n vastustaa k\u00e4sittely\u00e4. Rekisterinpit\u00e4j\u00e4 voi kielt\u00e4yty\u00e4 toteuttamasta vastustamista koskevaa pyynt\u00f6\u00e4 laissa s\u00e4\u00e4detyin perustein.<\/p>\n\n\n\n<h2 class=\"wp-block-heading\">12. Automaattiinen p\u00e4\u00e4t\u00f6ksenteko ja profilointi<\/h2>\n\n\n\n<p>Henkil\u00f6tietoja ei k\u00e4ytet\u00e4 sellaiseen automaattiseen p\u00e4\u00e4t\u00f6ksentekoon, jolla olisi oikeudellisia tai vastaavia vaikutuksia rekister\u00f6idyille. Henkil\u00f6tietoja ei my\u00f6sk\u00e4\u00e4n k\u00e4ytet\u00e4 yleisen tietosuoja-asetuksen mukaiseen profilointiin.<\/p>\n\n\n\n<h2 class=\"wp-block-heading\">13. Muut henkil\u00f6tietojen k\u00e4sittelyyn liittyv\u00e4t rekister\u00f6idyn oikeudet<\/h2>\n\n\n\n<p><strong>Rekister\u00f6idyn oikeus saada p\u00e4\u00e4sy tietoihin (tarkastusoikeus)<\/strong><\/p>\n\n\n\n<p>Rekister\u00f6idyll\u00e4 on oikeus tarkastaa, mit\u00e4 h\u00e4nt\u00e4 koskevia henkil\u00f6tietoja rekisteriin on tallennettu. Tarkastuspyynt\u00f6 tulee tehd\u00e4 t\u00e4ss\u00e4 tietosuojaselosteessa annettujen ohjeiden mukaisesti. Tarkastusoikeus voidaan ev\u00e4t\u00e4 laissa s\u00e4\u00e4detyin perustein. Tarkastusoikeuden k\u00e4ytt\u00e4minen on l\u00e4ht\u00f6kohtaisesti maksutonta.<\/p>\n\n\n\n<p><strong>Rekister\u00f6idyn oikeus vaatia tiedon oikaisemista, poistamista tai k\u00e4sittelyn rajoittamista<\/strong><\/p>\n\n\n\n<p>Silt\u00e4 osin kuin rekister\u00f6ity voi toimia itse, rekister\u00f6ity\u00e4 kehotetaan oma-aloitteisesti oikaisemaan, poistamaan tai t\u00e4ydent\u00e4m\u00e4\u00e4n rekisteriss\u00e4 olevat virheelliset, tarpeettomat, puutteelliset tai vanhentuneet tiedot.<\/p>\n\n\n\n<p>Rekister\u00f6ity voi kuitenkin aina tehd\u00e4 my\u00f6s henkil\u00f6tietojen korjaus- tai poistopyynn\u00f6n t\u00e4m\u00e4n tietosuojaselosteen.<\/p>\n\n\n\n<p>Rekister\u00f6idyll\u00e4 on my\u00f6s oikeus vaatia Rekisterinpit\u00e4j\u00e4\u00e4 rajoittamaan henkil\u00f6tietojensa k\u00e4sittely\u00e4 esimerkiksi siin\u00e4 tilanteessa, kun rekister\u00f6ity odottaa Rekisterinpit\u00e4j\u00e4n vastausta tietojensa oikaisemista tai poistamista koskevaan pyynt\u00f6\u00f6n.<\/p>\n\n\n\n<p><strong>Rekister\u00f6idyn oikeus siirt\u00e4\u00e4 tiedot j\u00e4rjestelm\u00e4st\u00e4 toiseen<\/strong><\/p>\n\n\n\n<p>Silt\u00e4 osin, kun rekister\u00f6ity on itse toimittanut rekisteriin henkil\u00f6tietoja, joita k\u00e4sitell\u00e4\u00e4n rekister\u00f6idyn antaman suostumuksen nojalla, rekister\u00f6idyll\u00e4 on oikeus saada t\u00e4llaiset tiedot itselleen p\u00e4\u00e4s\u00e4\u00e4nt\u00f6isesti koneluettavassa muodossa ja h\u00e4nell\u00e4 on oikeus pyyt\u00e4\u00e4 Rekisterinpit\u00e4j\u00e4\u00e4 siirt\u00e4m\u00e4\u00e4n n\u00e4m\u00e4 tiedot toiselle rekisterinpit\u00e4j\u00e4lle.<\/p>\n\n\n\n<p><strong>Rekister\u00f6idyn oikeus tehd\u00e4 valitus valvontaviranomaiselle<\/strong><\/p>\n\n\n\n<p>Mik\u00e4li rekister\u00f6ity katsoo, ett\u00e4 Rekisterinpit\u00e4j\u00e4 ei ole noudattanut toiminnassaan soveltuvaa tietosuojas\u00e4\u00e4ntely\u00e4, on rekister\u00f6idyll\u00e4 oikeus tehd\u00e4 valitus toimivaltaiselle valvontaviranomaiselle.<\/p>\n\n\n\n<p>Lis\u00e4tietoja l\u00f6yd\u00e4t osoitteesta: https:\/\/tietosuoja.fi\/<\/p>\n\n\n\n<p><strong>Muut oikeudet<\/strong><\/p>\n\n\n\n<p>Mik\u00e4li henkil\u00f6tietoja k\u00e4sitell\u00e4\u00e4n rekister\u00f6idyn suostumukseen perustuen, rekister\u00f6idyll\u00e4 on oikeus peruuttaa suostumuksensa ilmoittamalla t\u00e4st\u00e4 Rekisterinpit\u00e4j\u00e4lle t\u00e4m\u00e4n tietosuojaselosteen mukaisesti.<\/p>\n\n\n\n<p><strong>Yhteydenotto<\/strong><\/p>\n\n\n\n<p>Kaikessa tietosuojaan liittyv\u00e4ss\u00e4 voitte olla yhteydess\u00e4 kirjeitse osoitteeseen PL 100, 01055 ISS tai l\u00e4hett\u00e4\u00e4 s\u00e4hk\u00f6postia osoitteeseen tietosuoja@iss.fi.<\/p>\n","protected":false},"excerpt":{"rendered":"<p>Ceepos-verkkokauppa \u2013tietosuojaseloste 1. Rekisterin pit\u00e4j\u00e4 ISS palvelut Oy 0906333-1PL 10001055 ISStakeaway@fi.issworld.com 2. Yhteyshenkil\u00f6 rekisteri\u00e4 koskevissa asioissa PL 100, 01055 ISStietosuoja@iss.fi 3. Rekisterin nimi Ceepos-verkkokaupan rekisteri 4. Henkil\u00f6tietojen k\u00e4sittelyn tarkoitus ja peruste Henkil\u00f6tietoja ker\u00e4t\u00e4\u00e4n&nbsp;takeaway@iss.fi&nbsp;palvelun asiakkaiden ruokatilausten ja asiakaskorttisaldolatausten hallinnointiin, tilausten toimittamisen, maksujen oikean kohdistamisen, asiakkaan ja\/tai asiakkaan ilmoittaman henkil\u00f6n tunnistamisen, asiakkaan asiointihistorian ja asiointioikeuksien todentamisen sek\u00e4 [&hellip;]<\/p>\n","protected":false},"author":1,"featured_media":0,"parent":0,"menu_order":0,"comment_status":"closed","ping_status":"closed","template":"","meta":{"footnotes":""},"class_list":["post-9","page","type-page","status-publish","hentry"],"_links":{"self":[{"href":"https:\/\/takeaway.iss.fi\/karinkampus\/wp-json\/wp\/v2\/pages\/9","targetHints":{"allow":["GET"]}}],"collection":[{"href":"https:\/\/takeaway.iss.fi\/karinkampus\/wp-json\/wp\/v2\/pages"}],"about":[{"href":"https:\/\/takeaway.iss.fi\/karinkampus\/wp-json\/wp\/v2\/types\/page"}],"author":[{"embeddable":true,"href":"https:\/\/takeaway.iss.fi\/karinkampus\/wp-json\/wp\/v2\/users\/1"}],"replies":[{"embeddable":true,"href":"https:\/\/takeaway.iss.fi\/karinkampus\/wp-json\/wp\/v2\/comments?post=9"}],"version-history":[{"count":1,"href":"https:\/\/takeaway.iss.fi\/karinkampus\/wp-json\/wp\/v2\/pages\/9\/revisions"}],"predecessor-version":[{"id":28,"href":"https:\/\/takeaway.iss.fi\/karinkampus\/wp-json\/wp\/v2\/pages\/9\/revisions\/28"}],"wp:attachment":[{"href":"https:\/\/takeaway.iss.fi\/karinkampus\/wp-json\/wp\/v2\/media?parent=9"}],"curies":[{"name":"wp","href":"https:\/\/api.w.org\/{rel}","templated":true}]}}