{"id":769,"date":"2025-11-29T02:33:57","date_gmt":"2025-11-29T00:33:57","guid":{"rendered":"https:\/\/takeaway.iss.fi\/eaton\/tuote\/aaivan-makea-halal-2\/"},"modified":"2026-01-01T02:46:48","modified_gmt":"2026-01-01T00:46:48","slug":"aaivan-makea-halal-2","status":"publish","type":"product","link":"https:\/\/takeaway.iss.fi\/eaton\/tuote\/aaivan-makea-halal-2\/?lang=sv","title":{"rendered":"\u00c5\u00e4iv\u00e4n makea -halal"},"content":{"rendered":"","protected":false},"excerpt":{"rendered":"","protected":false},"featured_media":0,"template":"","meta":[],"product_brand":[],"product_cat":[30],"product_tag":[],"class_list":{"0":"post-769","1":"product","2":"type-product","3":"status-publish","5":"product_cat-uusi-valikkokohta-0","7":"first","8":"instock","9":"virtual","10":"taxable","11":"purchasable","12":"product-type-simple"},"_links":{"self":[{"href":"https:\/\/takeaway.iss.fi\/eaton\/wp-json\/wp\/v2\/product\/769","targetHints":{"allow":["GET"]}}],"collection":[{"href":"https:\/\/takeaway.iss.fi\/eaton\/wp-json\/wp\/v2\/product"}],"about":[{"href":"https:\/\/takeaway.iss.fi\/eaton\/wp-json\/wp\/v2\/types\/product"}],"wp:attachment":[{"href":"https:\/\/takeaway.iss.fi\/eaton\/wp-json\/wp\/v2\/media?parent=769"}],"wp:term":[{"taxonomy":"product_brand","embeddable":true,"href":"https:\/\/takeaway.iss.fi\/eaton\/wp-json\/wp\/v2\/product_brand?post=769"},{"taxonomy":"product_cat","embeddable":true,"href":"https:\/\/takeaway.iss.fi\/eaton\/wp-json\/wp\/v2\/product_cat?post=769"},{"taxonomy":"product_tag","embeddable":true,"href":"https:\/\/takeaway.iss.fi\/eaton\/wp-json\/wp\/v2\/product_tag?post=769"}],"curies":[{"name":"wp","href":"https:\/\/api.w.org\/{rel}","templated":true}]}}