{"id":12,"date":"2023-10-25T13:10:38","date_gmt":"2023-10-25T10:10:38","guid":{"rendered":"https:\/\/81.22.171.91\/eaton\/tillganglighetsbeskrivning\/?lang=fi"},"modified":"2023-10-25T13:10:38","modified_gmt":"2023-10-25T10:10:38","slug":"tillganglighetsbeskrivning","status":"publish","type":"page","link":"https:\/\/takeaway.iss.fi\/eaton\/tillganglighetsbeskrivning\/?lang=sv","title":{"rendered":"Tillg\u00e4nglighetsbeskrivning"},"content":{"rendered":"\n\t\t<p>Denna tillg\u00e4nglighetbeskrivning g\u00e4ller tj\u00e4nsten ### och har skapats ##.##.20##.<br>Denna tillg\u00e4nglighetsbeskrivning f\u00f6rklarar hur e-handeln f\u00f6ljer lagen om tillhandah\u00e5llande av <a href=\"https:\/\/www.tillganglighetskrav.fi\/lagar-och-standarder\/\">digitala tj\u00e4nster<\/a> baserad p\u00e5 <a href=\"https:\/\/vm.fi\/sv\/tillganglighetsdirektivet\">EU:s tillg\u00e4nglighetsdirektiv<\/a>, vilka brister det finns i tillg\u00e4ngligheten p\u00e5 webbplatsen och hur du kan ge oss feedback i tillg\u00e4nglighetsfr\u00e5gor.<br>Tillg\u00e4ngligheten har granskats av en utomst\u00e5ende expertorganisation.<\/p>\n\t\t\n\n\t\t\n\t\t<h2 class=\"wp-block-heading\"><strong>Uppfyllelse av kraven<\/strong><\/h2>\n\t\t\n\n\t\t\n\t\t<p>Tillg\u00e4nglighetsstatus f\u00f6r den digitala tj\u00e4nsten uppfyller alla tillg\u00e4nglighetskrav f\u00f6r&nbsp;<a href=\"https:\/\/www.w3.org\/TR\/WCAG21\/\">WCAG&nbsp;<\/a>2.1 A och AA standarderna.<\/p>\n\t\t<p>Tillg\u00e4nglighetsstatus f\u00f6r den digitala tj\u00e4nsten uppfyller delvis f\u00f6r&nbsp;<a href=\"https:\/\/www.w3.org\/TR\/WCAG21\/\">WCAG&nbsp;<\/a>2.1 A och AA standarderna.<\/p>\n\t\t\n\n\t\t\n\t\t<h2 class=\"wp-block-heading\"><strong>Icke tillg\u00e4nglig inneh\u00e5ll<\/strong><\/h2>\n\t\t\n\n\t\t\n\t\t<h2 class=\"wp-block-heading\"><strong>Uppt\u00e4ckte du en tillg\u00e4nglighetsbrist i v\u00e5r digitala tj\u00e4nst?<\/strong><\/h2>\n\t\t\n\n\t\t\n\t\t<p>Beskriv den f\u00f6r oss och vi ska g\u00f6ra v\u00e5rt b\u00e4sta f\u00f6r att \u00e5tg\u00e4rda den. Kontakta oss om du vill meddela brister i tillg\u00e4ngligheten p\u00e5 v\u00e5r webbplats. Det kan ta 14 dagar innan du f\u00e5r ett svar.<\/p>\n\t\t\n\n\t\t\n\t\t<h3 class=\"wp-block-heading\">Ge response<\/h3>\n\t\t\n\t\t\n\t\t\n\t\t<p>Per e-post: <\/p>\n\t\t\n\t\t\n\t\t\n\t\t<p>Med ett webbformul\u00e4r: <\/p>\n\t\t\n\t\t\n\t\t\n\t\t<p>Om du inte \u00e4r n\u00f6jd med det svar du har f\u00e5tt eller inte f\u00e5r n\u00e5got svar alls inom tv\u00e5 veckor kan du l\u00e4mna in en anm\u00e4lan om bristande tillg\u00e4nglighet till Regionf\u00f6rvaltningsverket i S\u00f6dra Finland. P\u00e5 regionf\u00f6rvaltningsverkets webbplats finns det beskrivet hur du kan l\u00e4mna in ett klagom\u00e5l och hur det behandlas.<\/p>\n\t\t\n\n\t\t\n\t\t<h2 class=\"wp-block-heading\"><strong>Tillsynsmyndighetens kontaktuppgifter<\/strong><\/h2>\n\t\t\n\n\t\t\n\t\t<figure class=\"wp-block-table is-style-stripes\"><table><tbody><tr><td><br>Regionf\u00f6rvaltningsverket i S\u00f6dra Finland<br>Enheten f\u00f6r tillg\u00e4nglighetstillsyn<br>www.tillganglighetskrav.fi<br>webbtillganglighet@rfv.fi<br>telefonnummer v\u00e4xeln 0295 016 000<\/td><\/tr><\/tbody><\/table><\/figure>\n\t\t","protected":false},"excerpt":{"rendered":"<p>Denna tillg\u00e4nglighetbeskrivning g\u00e4ller tj\u00e4nsten ### och har skapats ##.##.20##.Denna tillg\u00e4nglighetsbeskrivning f\u00f6rklarar hur e-handeln f\u00f6ljer lagen om tillhandah\u00e5llande av digitala tj\u00e4nster baserad p\u00e5 EU:s tillg\u00e4nglighetsdirektiv, vilka brister det finns i tillg\u00e4ngligheten p\u00e5 webbplatsen och hur du kan ge oss feedback i tillg\u00e4nglighetsfr\u00e5gor.Tillg\u00e4ngligheten har granskats av en utomst\u00e5ende expertorganisation. Uppfyllelse av kraven Tillg\u00e4nglighetsstatus f\u00f6r den digitala tj\u00e4nsten [&hellip;]<\/p>\n","protected":false},"author":1,"featured_media":0,"parent":0,"menu_order":0,"comment_status":"closed","ping_status":"closed","template":"","meta":{"footnotes":""},"class_list":["post-12","page","type-page","status-publish","hentry"],"_links":{"self":[{"href":"https:\/\/takeaway.iss.fi\/eaton\/wp-json\/wp\/v2\/pages\/12","targetHints":{"allow":["GET"]}}],"collection":[{"href":"https:\/\/takeaway.iss.fi\/eaton\/wp-json\/wp\/v2\/pages"}],"about":[{"href":"https:\/\/takeaway.iss.fi\/eaton\/wp-json\/wp\/v2\/types\/page"}],"author":[{"embeddable":true,"href":"https:\/\/takeaway.iss.fi\/eaton\/wp-json\/wp\/v2\/users\/1"}],"replies":[{"embeddable":true,"href":"https:\/\/takeaway.iss.fi\/eaton\/wp-json\/wp\/v2\/comments?post=12"}],"version-history":[{"count":0,"href":"https:\/\/takeaway.iss.fi\/eaton\/wp-json\/wp\/v2\/pages\/12\/revisions"}],"wp:attachment":[{"href":"https:\/\/takeaway.iss.fi\/eaton\/wp-json\/wp\/v2\/media?parent=12"}],"curies":[{"name":"wp","href":"https:\/\/api.w.org\/{rel}","templated":true}]}}